{"id":8847,"date":"2023-01-17T17:16:10","date_gmt":"2023-01-17T14:16:10","guid":{"rendered":"https:\/\/ergoglass.md\/branduri\/pilkington\/"},"modified":"2023-10-12T13:39:02","modified_gmt":"2023-10-12T10:39:02","slug":"pilkington","status":"publish","type":"page","link":"https:\/\/ergoglass.md\/ro\/branduri\/pilkington\/","title":{"rendered":"PILKINGTON"},"content":{"rendered":"\t\t<div data-elementor-type=\"wp-page\" data-elementor-id=\"8847\" class=\"elementor elementor-8847 elementor-8320\">\n\t\t\t\t\t\t\t\t\t<section class=\"elementor-section elementor-top-section elementor-element elementor-element-fccfbb2 elementor-section-boxed elementor-section-height-default elementor-section-height-default\" data-id=\"fccfbb2\" data-element_type=\"section\">\n\t\t\t\t\t\t<div class=\"elementor-container elementor-column-gap-default\">\n\t\t\t\t\t<div class=\"elementor-column elementor-col-100 elementor-top-column elementor-element elementor-element-f1017da\" data-id=\"f1017da\" data-element_type=\"column\">\n\t\t\t<div class=\"elementor-widget-wrap elementor-element-populated\">\n\t\t\t\t\t\t\t\t<div class=\"elementor-element elementor-element-bc37336 elementor-widget elementor-widget-heading\" data-id=\"bc37336\" data-element_type=\"widget\" data-widget_type=\"heading.default\">\n\t\t\t\t<div class=\"elementor-widget-container\">\n\t\t\t<style>\/*! elementor - v3.13.2 - 11-05-2023 *\/\n.elementor-heading-title{padding:0;margin:0;line-height:1}.elementor-widget-heading .elementor-heading-title[class*=elementor-size-]>a{color:inherit;font-size:inherit;line-height:inherit}.elementor-widget-heading .elementor-heading-title.elementor-size-small{font-size:15px}.elementor-widget-heading .elementor-heading-title.elementor-size-medium{font-size:19px}.elementor-widget-heading .elementor-heading-title.elementor-size-large{font-size:29px}.elementor-widget-heading .elementor-heading-title.elementor-size-xl{font-size:39px}.elementor-widget-heading .elementor-heading-title.elementor-size-xxl{font-size:59px}<\/style><h2 class=\"elementor-heading-title elementor-size-default\"><span class=\"heading_green\">PILKINGTON<\/span><\/h2>\t\t<\/div>\n\t\t\t\t<\/div>\n\t\t\t\t<section class=\"elementor-section elementor-inner-section elementor-element elementor-element-f7bfed7 elementor-section-boxed elementor-section-height-default elementor-section-height-default\" data-id=\"f7bfed7\" data-element_type=\"section\">\n\t\t\t\t\t\t<div class=\"elementor-container elementor-column-gap-default\">\n\t\t\t\t\t<div class=\"elementor-column elementor-col-50 elementor-inner-column elementor-element elementor-element-9aee8ba\" data-id=\"9aee8ba\" data-element_type=\"column\">\n\t\t\t<div class=\"elementor-widget-wrap elementor-element-populated\">\n\t\t\t\t\t\t\t\t<div class=\"elementor-element elementor-element-6103221 elementor-widget elementor-widget-image\" data-id=\"6103221\" data-element_type=\"widget\" data-widget_type=\"image.default\">\n\t\t\t\t<div class=\"elementor-widget-container\">\n\t\t\t<style>\/*! elementor - v3.13.2 - 11-05-2023 *\/\n.elementor-widget-image{text-align:center}.elementor-widget-image a{display:inline-block}.elementor-widget-image a img[src$=\".svg\"]{width:48px}.elementor-widget-image img{vertical-align:middle;display:inline-block}<\/style>\t\t\t\t\t\t\t\t\t\t\t\t\t<a href=\"https:\/\/ergoglass.md\/wp-content\/uploads\/2023\/01\/PILKINGTON.webp\" data-elementor-open-lightbox=\"yes\" data-elementor-lightbox-title=\"PILKINGTON\" data-e-action-hash=\"#elementor-action%3Aaction%3Dlightbox%26settings%3DeyJpZCI6ODIwNiwidXJsIjoiaHR0cHM6XC9cL2VyZ29nbGFzcy5tZFwvd3AtY29udGVudFwvdXBsb2Fkc1wvMjAyM1wvMDFcL1BJTEtJTkdUT04ud2VicCJ9\">\n\t\t\t\t\t\t\t<img decoding=\"async\" width=\"832\" height=\"500\" src=\"https:\/\/ergoglass.md\/wp-content\/uploads\/2023\/01\/PILKINGTON.webp\" class=\"attachment-full size-full wp-image-8206\" alt=\"\" \/>\t\t\t\t\t\t\t\t<\/a>\n\t\t\t\t\t\t\t\t\t\t\t\t\t\t\t<\/div>\n\t\t\t\t<\/div>\n\t\t\t\t\t<\/div>\n\t\t<\/div>\n\t\t\t\t<div class=\"elementor-column elementor-col-50 elementor-inner-column elementor-element elementor-element-6e31672\" data-id=\"6e31672\" data-element_type=\"column\">\n\t\t\t<div class=\"elementor-widget-wrap elementor-element-populated\">\n\t\t\t\t\t\t\t\t<div class=\"elementor-element elementor-element-8c48430 elementor-icon-list--layout-traditional elementor-list-item-link-full_width elementor-widget elementor-widget-icon-list\" data-id=\"8c48430\" data-element_type=\"widget\" data-widget_type=\"icon-list.default\">\n\t\t\t\t<div class=\"elementor-widget-container\">\n\t\t\t<link rel=\"stylesheet\" href=\"https:\/\/ergoglass.md\/wp-content\/plugins\/elementor\/assets\/css\/widget-icon-list.min.css\">\t\t<ul class=\"elementor-icon-list-items\">\n\t\t\t\t\t\t\t<li class=\"elementor-icon-list-item\">\n\t\t\t\t\t\t\t\t\t\t<span class=\"elementor-icon-list-text\"><span class=\"cat_bold\">Executor<\/span\/> <span class=\"heading_green\">\u2022<\/span> PILKINGTON<\/span>\n\t\t\t\t\t\t\t\t\t<\/li>\n\t\t\t\t\t\t\t\t<li class=\"elementor-icon-list-item\">\n\t\t\t\t\t\t\t\t\t\t<span class=\"elementor-icon-list-text\"><span class=\"cat_bold\">Comanditar<\/span\/> <span class=\"heading_green\">\u2022<\/span> PILKINGTON<\/span>\n\t\t\t\t\t\t\t\t\t<\/li>\n\t\t\t\t\t\t\t\t<li class=\"elementor-icon-list-item\">\n\t\t\t\t\t\t\t\t\t\t<span class=\"elementor-icon-list-text\"><span class=\"cat_bold\">Loca\u021bie<\/span\/> <span class=\"heading_green\">\u2022<\/span> Chi\u015fin\u0103u<\/span>\n\t\t\t\t\t\t\t\t\t<\/li>\n\t\t\t\t\t\t\t\t<li class=\"elementor-icon-list-item\">\n\t\t\t\t\t\t\t\t\t\t<span class=\"elementor-icon-list-text\"><span class=\"cat_bold\">Data finaliz\u0103rii<\/span\/> <span class=\"heading_green\">\u2022<\/span> <\/span>\n\t\t\t\t\t\t\t\t\t<\/li>\n\t\t\t\t\t\t\t\t<li class=\"elementor-icon-list-item\">\n\t\t\t\t\t\t\t\t\t\t<span class=\"elementor-icon-list-text\"><span class=\"cat_bold\"> Tipuri de lucr\u0103ri <\/span\/><span class=\"heading_green\"> \u2022<\/span> Geamurile de fa\u021bad\u0103<span class=\"heading_green\"><br>\u2022<\/span> U\u0219i din sticl\u0103 <span class=\"heading_green\"> \u2022<\/span> Pere\u021bi desp\u0103r\u021bitori din sticl\u0103<\/span>\n\t\t\t\t\t\t\t\t\t<\/li>\n\t\t\t\t\t\t<\/ul>\n\t\t\t\t<\/div>\n\t\t\t\t<\/div>\n\t\t\t\t\t<\/div>\n\t\t<\/div>\n\t\t\t\t\t\t\t<\/div>\n\t\t<\/section>\n\t\t\t\t\t<\/div>\n\t\t<\/div>\n\t\t\t\t\t\t\t<\/div>\n\t\t<\/section>\n\t\t\t\t<section class=\"elementor-section elementor-top-section elementor-element elementor-element-b129ca9 elementor-section-boxed elementor-section-height-default elementor-section-height-default\" data-id=\"b129ca9\" data-element_type=\"section\">\n\t\t\t\t\t\t<div class=\"elementor-container elementor-column-gap-default\">\n\t\t\t\t\t<div class=\"elementor-column elementor-col-100 elementor-top-column elementor-element elementor-element-9b442ab\" data-id=\"9b442ab\" data-element_type=\"column\">\n\t\t\t<div class=\"elementor-widget-wrap elementor-element-populated\">\n\t\t\t\t\t\t\t\t<div class=\"elementor-element elementor-element-40cf08d elementor-widget elementor-widget-heading\" data-id=\"40cf08d\" data-element_type=\"widget\" data-widget_type=\"heading.default\">\n\t\t\t\t<div class=\"elementor-widget-container\">\n\t\t\t<h2 class=\"elementor-heading-title elementor-size-default\"><span class=\"heading_green\">PILKINGTON<\/span><br \/> PILKINGTON<\/h2>\t\t<\/div>\n\t\t\t\t<\/div>\n\t\t\t\t<section class=\"elementor-section elementor-inner-section elementor-element elementor-element-2107ddf elementor-section-boxed elementor-section-height-default elementor-section-height-default\" data-id=\"2107ddf\" data-element_type=\"section\">\n\t\t\t\t\t\t<div class=\"elementor-container elementor-column-gap-default\">\n\t\t\t\t\t<div class=\"elementor-column elementor-col-50 elementor-inner-column elementor-element elementor-element-01ab02c\" data-id=\"01ab02c\" data-element_type=\"column\">\n\t\t\t<div class=\"elementor-widget-wrap elementor-element-populated\">\n\t\t\t\t\t\t\t\t<div class=\"elementor-element elementor-element-6029028 elementor-widget elementor-widget-heading\" data-id=\"6029028\" data-element_type=\"widget\" data-widget_type=\"heading.default\">\n\t\t\t\t<div class=\"elementor-widget-container\">\n\t\t\t<h3 class=\"elementor-heading-title elementor-size-default\">PILKINGTON<\/h3>\t\t<\/div>\n\t\t\t\t<\/div>\n\t\t\t\t<div class=\"elementor-element elementor-element-690e9c1 elementor-widget elementor-widget-text-editor\" data-id=\"690e9c1\" data-element_type=\"widget\" data-widget_type=\"text-editor.default\">\n\t\t\t\t<div class=\"elementor-widget-container\">\n\t\t\t<style>\/*! elementor - v3.13.2 - 11-05-2023 *\/\n.elementor-widget-text-editor.elementor-drop-cap-view-stacked .elementor-drop-cap{background-color:#69727d;color:#fff}.elementor-widget-text-editor.elementor-drop-cap-view-framed .elementor-drop-cap{color:#69727d;border:3px solid;background-color:transparent}.elementor-widget-text-editor:not(.elementor-drop-cap-view-default) .elementor-drop-cap{margin-top:8px}.elementor-widget-text-editor:not(.elementor-drop-cap-view-default) .elementor-drop-cap-letter{width:1em;height:1em}.elementor-widget-text-editor .elementor-drop-cap{float:left;text-align:center;line-height:1;font-size:50px}.elementor-widget-text-editor .elementor-drop-cap-letter{display:inline-block}<\/style>\t\t\t\t<p>Pilkington &#8211; un produc\u0103tor mondial de sticl\u0103 pentru ferestre \u0219i fa\u021bade. Compania este recunoscut\u0103 \u00een \u00eentreaga lume pentru realiz\u0103rile sale tehnologice remarcabile \u00een domeniul produc\u021biei de sticl\u0103 termo-tempered (sticl\u0103 float), sticl\u0103 multifunc\u021bional\u0103 pentru construc\u021bii reziden\u021biale \u0219i oglinzi cu rezisten\u021b\u0103 crescut\u0103 la factorii externi.<\/p>\t\t\t\t\t\t<\/div>\n\t\t\t\t<\/div>\n\t\t\t\t\t<\/div>\n\t\t<\/div>\n\t\t\t\t<div class=\"elementor-column elementor-col-50 elementor-inner-column elementor-element elementor-element-42faae9\" data-id=\"42faae9\" data-element_type=\"column\">\n\t\t\t<div class=\"elementor-widget-wrap elementor-element-populated\">\n\t\t\t\t\t\t\t\t<div class=\"elementor-element elementor-element-f6bdb1b elementor-widget elementor-widget-image\" data-id=\"f6bdb1b\" data-element_type=\"widget\" data-widget_type=\"image.default\">\n\t\t\t\t<div class=\"elementor-widget-container\">\n\t\t\t\t\t\t\t\t\t\t\t\t\t\t\t<img decoding=\"async\" width=\"158\" height=\"82\" src=\"https:\/\/ergoglass.md\/wp-content\/uploads\/2022\/08\/pilkington.svg\" class=\"attachment-full size-full wp-image-3094\" alt=\"\" \/>\t\t\t\t\t\t\t\t\t\t\t\t\t\t\t<\/div>\n\t\t\t\t<\/div>\n\t\t\t\t\t<\/div>\n\t\t<\/div>\n\t\t\t\t\t\t\t<\/div>\n\t\t<\/section>\n\t\t\t\t\t<\/div>\n\t\t<\/div>\n\t\t\t\t\t\t\t<\/div>\n\t\t<\/section>\n\t\t\t\t<section class=\"elementor-section elementor-top-section elementor-element elementor-element-cee1d88 elementor-section-boxed elementor-section-height-default elementor-section-height-default\" data-id=\"cee1d88\" data-element_type=\"section\">\n\t\t\t\t\t\t<div class=\"elementor-container elementor-column-gap-default\">\n\t\t\t\t\t<div class=\"elementor-column elementor-col-100 elementor-top-column elementor-element elementor-element-a7b30e2\" data-id=\"a7b30e2\" data-element_type=\"column\">\n\t\t\t<div class=\"elementor-widget-wrap elementor-element-populated\">\n\t\t\t\t\t\t\t\t<div class=\"elementor-element elementor-element-0147a8d elementor-widget elementor-widget-heading\" data-id=\"0147a8d\" data-element_type=\"widget\" data-widget_type=\"heading.default\">\n\t\t\t\t<div class=\"elementor-widget-container\">\n\t\t\t<h2 class=\"elementor-heading-title elementor-size-default\">Galerie<\/h2>\t\t<\/div>\n\t\t\t\t<\/div>\n\t\t\t\t<div class=\"elementor-element elementor-element-be90f83 elementor-skin-carousel elementor-pagination-type-bullets elementor-pagination-position-outside elementor-widget elementor-widget-media-carousel\" data-id=\"be90f83\" data-element_type=\"widget\" data-settings=\"{&quot;slides_per_view&quot;:&quot;3&quot;,&quot;slides_to_scroll&quot;:&quot;1&quot;,&quot;space_between&quot;:{&quot;unit&quot;:&quot;px&quot;,&quot;size&quot;:18,&quot;sizes&quot;:[]},&quot;lazyload&quot;:&quot;yes&quot;,&quot;slides_per_view_tablet&quot;:&quot;2&quot;,&quot;slides_per_view_mobile&quot;:&quot;1&quot;,&quot;slides_to_scroll_tablet&quot;:&quot;1&quot;,&quot;slides_to_scroll_mobile&quot;:&quot;1&quot;,&quot;skin&quot;:&quot;carousel&quot;,&quot;effect&quot;:&quot;slide&quot;,&quot;pagination&quot;:&quot;bullets&quot;,&quot;speed&quot;:500,&quot;autoplay&quot;:&quot;yes&quot;,&quot;autoplay_speed&quot;:5000,&quot;loop&quot;:&quot;yes&quot;,&quot;pause_on_hover&quot;:&quot;yes&quot;,&quot;pause_on_interaction&quot;:&quot;yes&quot;,&quot;space_between_tablet&quot;:{&quot;unit&quot;:&quot;px&quot;,&quot;size&quot;:10,&quot;sizes&quot;:[]},&quot;space_between_mobile&quot;:{&quot;unit&quot;:&quot;px&quot;,&quot;size&quot;:10,&quot;sizes&quot;:[]}}\" data-widget_type=\"media-carousel.default\">\n\t\t\t\t<div class=\"elementor-widget-container\">\n\t\t\t<link rel=\"stylesheet\" href=\"https:\/\/ergoglass.md\/wp-content\/plugins\/elementor-pro\/assets\/css\/widget-carousel.min.css\">\t\t<div class=\"elementor-swiper\">\n\t\t\t<div class=\"elementor-main-swiper swiper-container\">\n\t\t\t\t<div class=\"swiper-wrapper\">\n\t\t\t\t\t\t\t\t\t\t\t<div class=\"swiper-slide\">\n\t\t\t\t\t\t\t<a href=\"https:\/\/ergoglass.md\/wp-content\/uploads\/2022\/12\/prospectul_moscovei-17-a_1.jpg\" data-elementor-open-lightbox=\"yes\" data-elementor-lightbox-slideshow=\"be90f83\" data-elementor-lightbox-title=\"prospectul_moscovei-17-a_1\" data-e-action-hash=\"#elementor-action%3Aaction%3Dlightbox%26settings%3DeyJpZCI6NjI2MywidXJsIjoiaHR0cHM6XC9cL2VyZ29nbGFzcy5tZFwvd3AtY29udGVudFwvdXBsb2Fkc1wvMjAyMlwvMTJcL3Byb3NwZWN0dWxfbW9zY292ZWktMTctYV8xLmpwZyIsInNsaWRlc2hvdyI6ImJlOTBmODMifQ%3D%3D\">\t\t<div class=\"elementor-carousel-image swiper-lazy\" role=\"img\" aria-label=\"prospectul_moscovei-17-a_1\" data-background=\"https:\/\/ergoglass.md\/wp-content\/uploads\/2022\/12\/prospectul_moscovei-17-a_1.jpg\">\n\n\t\t\t\t\t\t\t<div class=\"swiper-lazy-preloader\"><\/div>\n\t\t\t\n\t\t\t\t\t<\/div>\n\t\t<\/a>\t\t\t\t\t\t<\/div>\n\t\t\t\t\t\t\t\t\t\t\t<div class=\"swiper-slide\">\n\t\t\t\t\t\t\t<a href=\"https:\/\/ergoglass.md\/wp-content\/uploads\/2022\/12\/prospectul_moscovei-17-a_2.jpg\" data-elementor-open-lightbox=\"yes\" data-elementor-lightbox-slideshow=\"be90f83\" data-elementor-lightbox-title=\"prospectul_moscovei-17-a_2\" data-e-action-hash=\"#elementor-action%3Aaction%3Dlightbox%26settings%3DeyJpZCI6NjI2NiwidXJsIjoiaHR0cHM6XC9cL2VyZ29nbGFzcy5tZFwvd3AtY29udGVudFwvdXBsb2Fkc1wvMjAyMlwvMTJcL3Byb3NwZWN0dWxfbW9zY292ZWktMTctYV8yLmpwZyIsInNsaWRlc2hvdyI6ImJlOTBmODMifQ%3D%3D\">\t\t<div class=\"elementor-carousel-image swiper-lazy\" role=\"img\" aria-label=\"prospectul_moscovei-17-a_2\" data-background=\"https:\/\/ergoglass.md\/wp-content\/uploads\/2022\/12\/prospectul_moscovei-17-a_2.jpg\">\n\n\t\t\t\t\t\t\t<div class=\"swiper-lazy-preloader\"><\/div>\n\t\t\t\n\t\t\t\t\t<\/div>\n\t\t<\/a>\t\t\t\t\t\t<\/div>\n\t\t\t\t\t\t\t\t\t\t\t<div class=\"swiper-slide\">\n\t\t\t\t\t\t\t<a href=\"https:\/\/ergoglass.md\/wp-content\/uploads\/2022\/12\/prospectul_moscovei-17-a_3.jpg\" data-elementor-open-lightbox=\"yes\" data-elementor-lightbox-slideshow=\"be90f83\" data-elementor-lightbox-title=\"prospectul_moscovei-17-a_3\" data-e-action-hash=\"#elementor-action%3Aaction%3Dlightbox%26settings%3DeyJpZCI6NjI2OSwidXJsIjoiaHR0cHM6XC9cL2VyZ29nbGFzcy5tZFwvd3AtY29udGVudFwvdXBsb2Fkc1wvMjAyMlwvMTJcL3Byb3NwZWN0dWxfbW9zY292ZWktMTctYV8zLmpwZyIsInNsaWRlc2hvdyI6ImJlOTBmODMifQ%3D%3D\">\t\t<div class=\"elementor-carousel-image swiper-lazy\" role=\"img\" aria-label=\"prospectul_moscovei-17-a_3\" data-background=\"https:\/\/ergoglass.md\/wp-content\/uploads\/2022\/12\/prospectul_moscovei-17-a_3.jpg\">\n\n\t\t\t\t\t\t\t<div class=\"swiper-lazy-preloader\"><\/div>\n\t\t\t\n\t\t\t\t\t<\/div>\n\t\t<\/a>\t\t\t\t\t\t<\/div>\n\t\t\t\t\t\t\t\t\t\t\t<div class=\"swiper-slide\">\n\t\t\t\t\t\t\t<a href=\"https:\/\/ergoglass.md\/wp-content\/uploads\/2022\/12\/prospectul_moscovei-17-a_5.jpg\" data-elementor-open-lightbox=\"yes\" data-elementor-lightbox-slideshow=\"be90f83\" data-elementor-lightbox-title=\"prospectul_moscovei-17-a_5\" data-e-action-hash=\"#elementor-action%3Aaction%3Dlightbox%26settings%3DeyJpZCI6NjI3MiwidXJsIjoiaHR0cHM6XC9cL2VyZ29nbGFzcy5tZFwvd3AtY29udGVudFwvdXBsb2Fkc1wvMjAyMlwvMTJcL3Byb3NwZWN0dWxfbW9zY292ZWktMTctYV81LmpwZyIsInNsaWRlc2hvdyI6ImJlOTBmODMifQ%3D%3D\">\t\t<div class=\"elementor-carousel-image swiper-lazy\" role=\"img\" aria-label=\"prospectul_moscovei-17-a_5\" data-background=\"https:\/\/ergoglass.md\/wp-content\/uploads\/2022\/12\/prospectul_moscovei-17-a_5.jpg\">\n\n\t\t\t\t\t\t\t<div class=\"swiper-lazy-preloader\"><\/div>\n\t\t\t\n\t\t\t\t\t<\/div>\n\t\t<\/a>\t\t\t\t\t\t<\/div>\n\t\t\t\t\t\t\t\t\t<\/div>\n\t\t\t\t\t\t\t\t\t\t\t\t\t\t\t<div class=\"swiper-pagination\"><\/div>\n\t\t\t\t\t\t\t\t\t\t\t\t\t\t\t\t\t<\/div>\n\t\t<\/div>\n\t\t\t\t<\/div>\n\t\t\t\t<\/div>\n\t\t\t\t\t<\/div>\n\t\t<\/div>\n\t\t\t\t\t\t\t<\/div>\n\t\t<\/section>\n\t\t\t\t\t\t\t<\/div>\n\t\t","protected":false},"excerpt":{"rendered":"<p>PILKINGTON Executor \u2022 PILKINGTON Comanditar \u2022 PILKINGTON Loca\u021bie \u2022 Chi\u015fin\u0103u Data finaliz\u0103rii \u2022 Tipuri de lucr\u0103ri \u2022 Geamurile de fa\u021bad\u0103\u2022 U\u0219i din sticl\u0103 \u2022 Pere\u021bi desp\u0103r\u021bitori din sticl\u0103 PILKINGTON PILKINGTON PILKINGTON Pilkington &#8211; un produc\u0103tor mondial de sticl\u0103 pentru ferestre \u0219i fa\u021bade. Compania este recunoscut\u0103 \u00een \u00eentreaga lume pentru realiz\u0103rile sale tehnologice remarcabile \u00een domeniul &#8230; <a title=\"PILKINGTON\" class=\"read-more\" href=\"https:\/\/ergoglass.md\/ro\/branduri\/pilkington\/\" aria-label=\"Mai multe despre PILKINGTON\">Cite\u0219te mai mult<\/a><\/p>\n","protected":false},"author":1,"featured_media":0,"parent":8703,"menu_order":21,"comment_status":"closed","ping_status":"closed","template":"elementor_header_footer","meta":{"_vp_format_video_url":"","_vp_image_focal_point":[],"_vp_custom_popup_image":0,"_vp_format_audio_url":"","_vp_custom_thumbnail":0,"_vp_custom_thumbnail_focal_point":[],"_vp_hover_thumbnail":0,"_vp_hover_thumbnail_focal_point":[],"footnotes":""},"class_list":["post-8847","page","type-page","status-publish"],"yoast_head":"<!-- This site is optimized with the Yoast SEO plugin v20.7 - https:\/\/yoast.com\/wordpress\/plugins\/seo\/ -->\n<title>PILKINGTON - ERGO<\/title>\n<meta name=\"robots\" content=\"index, follow, max-snippet:-1, max-image-preview:large, max-video-preview:-1\" \/>\n<link rel=\"canonical\" href=\"https:\/\/ergoglass.md\/ro\/branduri\/pilkington\/\" \/>\n<meta property=\"og:locale\" content=\"ro_RO\" \/>\n<meta property=\"og:type\" content=\"article\" \/>\n<meta property=\"og:title\" content=\"PILKINGTON - ERGO\" \/>\n<meta property=\"og:description\" content=\"PILKINGTON Executor \u2022 PILKINGTON Comanditar \u2022 PILKINGTON Loca\u021bie \u2022 Chi\u015fin\u0103u Data finaliz\u0103rii \u2022 Tipuri de lucr\u0103ri \u2022 Geamurile de fa\u021bad\u0103\u2022 U\u0219i din sticl\u0103 \u2022 Pere\u021bi desp\u0103r\u021bitori din sticl\u0103 PILKINGTON PILKINGTON PILKINGTON Pilkington &#8211; un produc\u0103tor mondial de sticl\u0103 pentru ferestre \u0219i fa\u021bade. Compania este recunoscut\u0103 \u00een \u00eentreaga lume pentru realiz\u0103rile sale tehnologice remarcabile \u00een domeniul ... Cite\u0219te mai mult\" \/>\n<meta property=\"og:url\" content=\"https:\/\/ergoglass.md\/ro\/branduri\/pilkington\/\" \/>\n<meta property=\"og:site_name\" content=\"ERGO\" \/>\n<meta property=\"article:modified_time\" content=\"2023-10-12T10:39:02+00:00\" \/>\n<meta property=\"og:image\" content=\"https:\/\/ergoglass.md\/wp-content\/uploads\/2023\/01\/PILKINGTON.webp\" \/>\n<meta name=\"twitter:card\" content=\"summary_large_image\" \/>\n<meta name=\"twitter:label1\" content=\"Timp estimat pentru citire\" \/>\n\t<meta name=\"twitter:data1\" content=\"1 minut\" \/>\n<script type=\"application\/ld+json\" class=\"yoast-schema-graph\">{\"@context\":\"https:\/\/schema.org\",\"@graph\":[{\"@type\":\"WebPage\",\"@id\":\"https:\/\/ergoglass.md\/ro\/branduri\/pilkington\/\",\"url\":\"https:\/\/ergoglass.md\/ro\/branduri\/pilkington\/\",\"name\":\"PILKINGTON - ERGO\",\"isPartOf\":{\"@id\":\"https:\/\/ergoglass.md\/ro\/#website\"},\"datePublished\":\"2023-01-17T14:16:10+00:00\",\"dateModified\":\"2023-10-12T10:39:02+00:00\",\"breadcrumb\":{\"@id\":\"https:\/\/ergoglass.md\/ro\/branduri\/pilkington\/#breadcrumb\"},\"inLanguage\":\"ro-RO\",\"potentialAction\":[{\"@type\":\"ReadAction\",\"target\":[\"https:\/\/ergoglass.md\/ro\/branduri\/pilkington\/\"]}]},{\"@type\":\"BreadcrumbList\",\"@id\":\"https:\/\/ergoglass.md\/ro\/branduri\/pilkington\/#breadcrumb\",\"itemListElement\":[{\"@type\":\"ListItem\",\"position\":1,\"name\":\"Branduri\",\"item\":\"https:\/\/ergoglass.md\/ro\/branduri\/\"},{\"@type\":\"ListItem\",\"position\":2,\"name\":\"PILKINGTON\"}]},{\"@type\":\"WebSite\",\"@id\":\"https:\/\/ergoglass.md\/ro\/#website\",\"url\":\"https:\/\/ergoglass.md\/ro\/\",\"name\":\"ERGO\",\"description\":\"\",\"potentialAction\":[{\"@type\":\"SearchAction\",\"target\":{\"@type\":\"EntryPoint\",\"urlTemplate\":\"https:\/\/ergoglass.md\/ro\/?s={search_term_string}\"},\"query-input\":\"required name=search_term_string\"}],\"inLanguage\":\"ro-RO\"}]}<\/script>\n<!-- \/ Yoast SEO plugin. -->","yoast_head_json":{"title":"PILKINGTON - ERGO","robots":{"index":"index","follow":"follow","max-snippet":"max-snippet:-1","max-image-preview":"max-image-preview:large","max-video-preview":"max-video-preview:-1"},"canonical":"https:\/\/ergoglass.md\/ro\/branduri\/pilkington\/","og_locale":"ro_RO","og_type":"article","og_title":"PILKINGTON - ERGO","og_description":"PILKINGTON Executor \u2022 PILKINGTON Comanditar \u2022 PILKINGTON Loca\u021bie \u2022 Chi\u015fin\u0103u Data finaliz\u0103rii \u2022 Tipuri de lucr\u0103ri \u2022 Geamurile de fa\u021bad\u0103\u2022 U\u0219i din sticl\u0103 \u2022 Pere\u021bi desp\u0103r\u021bitori din sticl\u0103 PILKINGTON PILKINGTON PILKINGTON Pilkington &#8211; un produc\u0103tor mondial de sticl\u0103 pentru ferestre \u0219i fa\u021bade. Compania este recunoscut\u0103 \u00een \u00eentreaga lume pentru realiz\u0103rile sale tehnologice remarcabile \u00een domeniul ... Cite\u0219te mai mult","og_url":"https:\/\/ergoglass.md\/ro\/branduri\/pilkington\/","og_site_name":"ERGO","article_modified_time":"2023-10-12T10:39:02+00:00","og_image":[{"url":"https:\/\/ergoglass.md\/wp-content\/uploads\/2023\/01\/PILKINGTON.webp"}],"twitter_card":"summary_large_image","twitter_misc":{"Timp estimat pentru citire":"1 minut"},"schema":{"@context":"https:\/\/schema.org","@graph":[{"@type":"WebPage","@id":"https:\/\/ergoglass.md\/ro\/branduri\/pilkington\/","url":"https:\/\/ergoglass.md\/ro\/branduri\/pilkington\/","name":"PILKINGTON - ERGO","isPartOf":{"@id":"https:\/\/ergoglass.md\/ro\/#website"},"datePublished":"2023-01-17T14:16:10+00:00","dateModified":"2023-10-12T10:39:02+00:00","breadcrumb":{"@id":"https:\/\/ergoglass.md\/ro\/branduri\/pilkington\/#breadcrumb"},"inLanguage":"ro-RO","potentialAction":[{"@type":"ReadAction","target":["https:\/\/ergoglass.md\/ro\/branduri\/pilkington\/"]}]},{"@type":"BreadcrumbList","@id":"https:\/\/ergoglass.md\/ro\/branduri\/pilkington\/#breadcrumb","itemListElement":[{"@type":"ListItem","position":1,"name":"Branduri","item":"https:\/\/ergoglass.md\/ro\/branduri\/"},{"@type":"ListItem","position":2,"name":"PILKINGTON"}]},{"@type":"WebSite","@id":"https:\/\/ergoglass.md\/ro\/#website","url":"https:\/\/ergoglass.md\/ro\/","name":"ERGO","description":"","potentialAction":[{"@type":"SearchAction","target":{"@type":"EntryPoint","urlTemplate":"https:\/\/ergoglass.md\/ro\/?s={search_term_string}"},"query-input":"required name=search_term_string"}],"inLanguage":"ro-RO"}]}},"rttpg_featured_image_url":null,"rttpg_author":{"display_name":"admin","author_link":"https:\/\/ergoglass.md\/ro\/author\/admin\/"},"rttpg_comment":0,"rttpg_category":" <a href=\"https:\/\/ergoglass.md\/ro\/?taxonomy=translation_priority&#038;term=optional-ro\" rel=\"tag\">Optional<\/a>","rttpg_excerpt":"PILKINGTON Executor \u2022 PILKINGTON Comanditar \u2022 PILKINGTON Loca\u021bie \u2022 Chi\u015fin\u0103u Data finaliz\u0103rii \u2022 Tipuri de lucr\u0103ri \u2022 Geamurile de fa\u021bad\u0103\u2022 U\u0219i din sticl\u0103 \u2022 Pere\u021bi desp\u0103r\u021bitori din sticl\u0103 PILKINGTON PILKINGTON PILKINGTON Pilkington &#8211; un produc\u0103tor mondial de sticl\u0103 pentru ferestre \u0219i fa\u021bade. Compania este recunoscut\u0103 \u00een \u00eentreaga lume pentru realiz\u0103rile sale tehnologice remarcabile \u00een domeniul&hellip;","_links":{"self":[{"href":"https:\/\/ergoglass.md\/ro\/wp-json\/wp\/v2\/pages\/8847","targetHints":{"allow":["GET"]}}],"collection":[{"href":"https:\/\/ergoglass.md\/ro\/wp-json\/wp\/v2\/pages"}],"about":[{"href":"https:\/\/ergoglass.md\/ro\/wp-json\/wp\/v2\/types\/page"}],"author":[{"embeddable":true,"href":"https:\/\/ergoglass.md\/ro\/wp-json\/wp\/v2\/users\/1"}],"replies":[{"embeddable":true,"href":"https:\/\/ergoglass.md\/ro\/wp-json\/wp\/v2\/comments?post=8847"}],"version-history":[{"count":6,"href":"https:\/\/ergoglass.md\/ro\/wp-json\/wp\/v2\/pages\/8847\/revisions"}],"predecessor-version":[{"id":13269,"href":"https:\/\/ergoglass.md\/ro\/wp-json\/wp\/v2\/pages\/8847\/revisions\/13269"}],"up":[{"embeddable":true,"href":"https:\/\/ergoglass.md\/ro\/wp-json\/wp\/v2\/pages\/8703"}],"wp:attachment":[{"href":"https:\/\/ergoglass.md\/ro\/wp-json\/wp\/v2\/media?parent=8847"}],"curies":[{"name":"wp","href":"https:\/\/api.w.org\/{rel}","templated":true}]}}